{"id":100,"date":"2024-05-11T08:05:27","date_gmt":"2024-05-11T08:05:27","guid":{"rendered":"https:\/\/www.lihasvelho.fi\/?page_id=100"},"modified":"2024-10-01T10:57:03","modified_gmt":"2024-10-01T10:57:03","slug":"ajanvaraus","status":"publish","type":"page","link":"https:\/\/www.lihasvelho.fi\/?page_id=100","title":{"rendered":"Ajanvaraus"},"content":{"rendered":"<ul>\n<li>\n<p>        <img decoding=\"async\" src=\"\/wp-content\/uploads\/2024\/05\/lihasvelho-3.jpg\" alt=\"\"><\/p>\n<\/li>\n<li>\n<p>        <img decoding=\"async\" src=\"\/wp-content\/uploads\/2024\/05\/lihasvelho-2.jpg\" alt=\"\"><\/p>\n<\/li>\n<li>\n<p>        <img decoding=\"async\" src=\"\/wp-content\/uploads\/2024\/05\/lihasvelho-1.jpg\" alt=\"\"><\/p>\n<\/li>\n<\/ul>\n<h1><span class=\"uk-text-primary\">Lihasvelhon<\/span><br \/>AJANVARAUS<\/h1>\n<div><span> Ajanvarauksen teet k\u00e4tevimmin ajanvarauskalenterista.<\/span><\/div>\n<ul>\n<li>\n<h2>Yleist\u00e4<\/h2>\n<div>\n<p><strong>Varaa aika aina ensisijaisesti Lihasvelhon ajanvarauskalenterista.<\/strong>\u00a0<br \/>Nettivaraus on aina sitova.<br \/>Ty\u00f6n luonteen vuoksi on hetki\u00e4, jolloin en voi vastata puhelimeen. Soitan kuitenkin aina takaisin mahdollisimman pian.<\/p>\n<p>Tullessasi hierontaan, sinun ei v\u00e4ltt\u00e4m\u00e4tt\u00e4 tarvitse tiet\u00e4\u00e4 haluatko klassista- vai urheiluhierontaa.<br \/>Koulutettu hieroja osaa arvioida tilanteen.<\/p>\n<p>Eth\u00e4n tule hierontaan kuumeisena, vatsataudissa tai muussa tarttuvassa taudissa!<br \/>Ole yst\u00e4v\u00e4llinen ja tee peruutus p\u00e4iv\u00e4\u00e4 aikaisemmin, jos et p\u00e4\u00e4sek\u00e4\u00e4n tulemaan varaamaasi hierontaan.<br \/><strong>Joudun veloittamaan peruuttamatta j\u00e4\u00e4neest\u00e4 ajasta t\u00e4yden hinnan.<\/strong><\/p>\n<p><strong>HUOM!<\/strong><span>\u00a0<\/span>Mik\u00e4li haluat<span>\u00a0<\/span><strong>akuuttiajan<\/strong><span>\u00a0<\/span>vastaanottoaikojen ulkopuolelta tai viikonloppuna, joudun j\u00e4rjestelyiden vuoksi ottamaan korkeamman hinnan<br \/>(hieronta 30min|64 \u20ac, hieronta 45min|80 \u20ac, 60min|98 \u20ac, 90min|138 \u20ac\u00a0 ja 120min|154 \u20ac ).<br \/><strong>HUOM!<\/strong><span>\u00a0<\/span>Sarjakortit voimassa 3 kk ja Lahjakortit 6 kk ostop\u00e4iv\u00e4st\u00e4 lukien.<br \/><span><strong>HUOM!<\/strong> Jos haluat hiljaisen hieronnan, niin huomaathan mainita siit\u00e4 hoidon alussa.<\/span><\/p>\n<\/p>\n<\/div>\n<\/li>\n<li>\n<h2>Vinkkej\u00e4 ja yleisi\u00e4 ehtoja<\/h2>\n<div>\n<p>Olethan ajoissa\/t\u00e4sm\u00e4llisesti (n. 10-15 minuuttua ennen varattua aikaa) paikalla.<br \/>My\u00f6h\u00e4stynytt\u00e4 asiakasta pyrin palvelemaan mahdollisimman hyvin, mutta en voi taata varatun palvelun toteutumista.<br \/>Varattu aika tulee peruuttaa puhelimitse viimeist\u00e4\u00e4n ajanvarausta edelt\u00e4v\u00e4n ty\u00f6p\u00e4iv\u00e4n aikana. <br \/>Peruuttamattomista ajoista joudun veloittamaan t\u00e4yden hinnan.<\/p>\n<\/p>\n<p>Asiakas ilmoittaa etu- ja sukunimens\u00e4, puhelinnumeronsa sek\u00e4 s\u00e4hk\u00f6postiosoitteensa tehdess\u00e4\u00e4n varausta. Muita tarvittavia tietoja t\u00e4ydennet\u00e4\u00e4n paikan p\u00e4\u00e4ll\u00e4.<br \/>Lihasvelho ei luovuta asiakkaan henkil\u00f6tietoja ulkopuolisille tahoille ja asiakkaan henkil\u00f6tiedot ovat vain Lihasvelhon asiakaskontaktointiin tarkoitettuja. <br \/>Lihasvelho kysyy aina erikseen luvan asiakkaan s\u00e4hk\u00f6postitietojen tallentamiseen markkinointia varten.<\/p>\n<p>Mik\u00e4li aika peruuntuu Lihasvelhon toimesta, soitamme asiakkaalle ja tarjoamme uutta aikaa.<\/p>\n<p>Ajanvarausj\u00e4rjestelm\u00e4ss\u00e4mme, kuten monissa muissakin tietoteknisiss\u00e4 sovelluksissa, saattaa esiinty\u00e4 k\u00e4ytt\u00f6katkoja tai toimintaongelmia.\u00a0 Ilmoitathan, mik\u00e4li havaitset j\u00e4rjestelm\u00e4ss\u00e4mme puutteita.<\/p>\n<\/div>\n<\/li>\n<\/ul>\n<div>\n<div uk-grid=\"\">\n<div>\n<div>\n<p>Ajanvarauksen teet k\u00e4tevimmin ajanvarauskalenterista.<\/p>\n<\/div>\n<\/div>\n<\/div>\n<\/div>\n<p>\n    <a href=\"https:\/\/nettivaraus6.ajas.fi\/fi\/aee7d2226454\">AJANVARAUS<\/a>\n<\/p>\n<div>\n<p>Jos jo tehty ajanvaraus pit\u00e4\u00e4 perua (HUOM! v\u00e4hint\u00e4\u00e4n edellisen\u00e4 p\u00e4iv\u00e4n\u00e4).<br \/>Voit tehd\u00e4 sen ajanvarauskalenterissa. Varausta tehdess\u00e4si saat varauskohtaisen koodin, joka l\u00e4hetet\u00e4\u00e4n my\u00f6s s\u00e4hk\u00f6postiisi. K\u00e4ytt\u00e4m\u00e4ll\u00e4 koodia tai kirjautumalla omiin tietoihisi voit poistaa varauksen, saat poistetusta ajasta varmistustiedon s\u00e4hk\u00f6postiisi.<\/p>\n<\/div>\n<div>\n<p>60.4858,22.1594<\/p>\n<\/div>\n<p><!--more--><br \/>\n<!-- {\"type\":\"layout\",\"children\":[{\"name\":\"Hero\",\"type\":\"section\",\"props\":{\"animation_delay\":false,\"image_position\":\"center-center\",\"padding\":\"none\",\"style\":\"default\",\"title_breakpoint\":\"xl\",\"title_position\":\"top-left\",\"title_rotation\":\"left\",\"vertical_align\":\"middle\",\"width\":\"\"},\"children\":[{\"type\":\"row\",\"children\":[{\"type\":\"column\",\"props\":{\"image_position\":\"center-center\",\"position_sticky_breakpoint\":\"m\",\"width_medium\":\"1-1\"},\"children\":[{\"type\":\"overlay-slider\",\"props\":{\"link_style\":\"default\",\"link_text\":\"Read more\",\"margin\":\"default\",\"meta_align\":\"below-title\",\"meta_element\":\"div\",\"meta_style\":\"text-meta\",\"nav\":\"dotnav\",\"nav_align\":\"center\",\"nav_breakpoint\":\"s\",\"overlay_mode\":\"cover\",\"overlay_position\":\"center\",\"overlay_transition\":\"fade\",\"show_content\":true,\"show_hover_image\":true,\"show_link\":false,\"show_meta\":true,\"show_title\":true,\"slidenav\":\"default\",\"slidenav_breakpoint\":\"s\",\"slidenav_margin\":\"medium\",\"slidenav_outside_breakpoint\":\"xl\",\"slider_autoplay_pause\":true,\"slider_gap\":\"default\",\"slider_width\":\"fixed\",\"slider_width_default\":\"1-1\",\"slider_width_medium\":\"1-3\",\"text_align\":\"center\",\"title_element\":\"h3\",\"title_hover_style\":\"reset\"},\"children\":[{\"type\":\"overlay-slider_item\",\"props\":{\"image\":\"wp-content\\\/uploads\\\/2024\\\/05\\\/lihasvelho-3.jpg\"}},{\"type\":\"overlay-slider_item\",\"props\":{\"image\":\"wp-content\\\/uploads\\\/2024\\\/05\\\/lihasvelho-2.jpg\"}},{\"type\":\"overlay-slider_item\",\"props\":{\"image\":\"wp-content\\\/uploads\\\/2024\\\/05\\\/lihasvelho-1.jpg\"}}]}]}]}]},{\"name\":\"Hero vain tekstill\\u00e4\",\"type\":\"section\",\"props\":{\"image_position\":\"center-center\",\"padding\":\"large\",\"padding_remove_bottom\":true,\"style\":\"default\",\"title_breakpoint\":\"xl\",\"title_position\":\"top-left\",\"title_rotation\":\"left\",\"vertical_align\":\"middle\",\"width\":\"small\"},\"children\":[{\"type\":\"row\",\"children\":[{\"type\":\"column\",\"props\":{\"image_position\":\"center-center\",\"position_sticky_breakpoint\":\"m\",\"width_medium\":\"1-1\"},\"children\":[{\"type\":\"headline\",\"props\":{\"content\":\"<span class=\\\"uk-text-primary\\\">Lihasvelhon<\\\/span><br \\\/>AJANVARAUS\",\"margin_remove_bottom\":true,\"text_align_fallback\":\"center\",\"title_element\":\"h1\",\"title_style\":\"heading-medium\"}},{\"type\":\"headline\",\"props\":{\"content\":\"<span> Ajanvarauksen teet k\\u00e4tevimmin ajanvarauskalenterista.<\\\/span>\",\"margin\":\"small\",\"text_align_breakpoint\":\"m\",\"text_align_fallback\":\"center\",\"title_color\":\"muted\",\"title_decoration\":\"bullet\",\"title_element\":\"div\",\"title_style\":\"h4\"}}]}]}]},{\"name\":\"Ohjeita\",\"type\":\"section\",\"props\":{\"image_position\":\"center-center\",\"padding_remove_top\":false,\"style\":\"default\",\"title_breakpoint\":\"xl\",\"title_position\":\"top-left\",\"title_rotation\":\"left\",\"vertical_align\":\"middle\",\"width\":\"expand\"},\"children\":[{\"type\":\"row\",\"props\":{\"column_gap\":\"large\",\"margin\":\"xlarge\",\"row_gap\":\"large\",\"vertical_align\":true,\"width\":\"default\"},\"children\":[{\"type\":\"column\",\"props\":{\"image_position\":\"center-center\",\"position_sticky_breakpoint\":\"m\",\"vertical_align\":\"middle\"},\"children\":[{\"type\":\"grid\",\"props\":{\"content_column_breakpoint\":\"m\",\"filter_align\":\"left\",\"filter_all\":true,\"filter_grid_breakpoint\":\"m\",\"filter_grid_width\":\"auto\",\"filter_position\":\"top\",\"filter_style\":\"tab\",\"grid_default\":\"1\",\"grid_medium\":\"\",\"grid_small\":\"2\",\"icon_color\":\"primary\",\"icon_width\":\"200\",\"image_align\":\"bottom\",\"image_grid_breakpoint\":\"m\",\"image_grid_width\":\"1-2\",\"image_svg_color\":\"emphasis\",\"item_animation\":true,\"link_fullwidth\":false,\"link_style\":\"text\",\"link_target\":true,\"link_text\":\"Open in map\",\"margin\":\"default\",\"meta_align\":\"below-title\",\"meta_element\":\"div\",\"meta_style\":\"text-meta\",\"panel_padding\":\"default\",\"panel_style\":\"card-primary\",\"parallax_easing\":\"1\",\"show_content\":true,\"show_image\":true,\"show_link\":true,\"show_meta\":true,\"show_title\":true,\"title_align\":\"top\",\"title_element\":\"h2\",\"title_grid_breakpoint\":\"m\",\"title_grid_width\":\"1-2\",\"title_hover_style\":\"reset\",\"title_style\":\"h2\"},\"children\":[{\"type\":\"grid_item\",\"props\":{\"content\":\"\n\n<p><strong>Varaa aika aina ensisijaisesti Lihasvelhon ajanvarauskalenterista.<\\\/strong>\\u00a0<br \\\/>Nettivaraus on aina sitova.<br \\\/>Ty\\u00f6n luonteen vuoksi on hetki\\u00e4, jolloin en voi vastata puhelimeen. Soitan kuitenkin aina takaisin mahdollisimman pian.<\\\/p>\\n\n\n<p>Tullessasi hierontaan, sinun ei v\\u00e4ltt\\u00e4m\\u00e4tt\\u00e4 tarvitse tiet\\u00e4\\u00e4 haluatko klassista- vai urheiluhierontaa.<br \\\/>Koulutettu hieroja osaa arvioida tilanteen.<\\\/p>\\n\n\n<p>Eth\\u00e4n tule hierontaan kuumeisena, vatsataudissa tai muussa tarttuvassa taudissa!<br \\\/>Ole yst\\u00e4v\\u00e4llinen ja tee peruutus p\\u00e4iv\\u00e4\\u00e4 aikaisemmin, jos et p\\u00e4\\u00e4sek\\u00e4\\u00e4n tulemaan varaamaasi hierontaan.<br \\\/><strong>Joudun veloittamaan peruuttamatta j\\u00e4\\u00e4neest\\u00e4 ajasta t\\u00e4yden hinnan.<\\\/strong><\\\/p>\\n\n\n<p><strong>HUOM!<\\\/strong><span>\\u00a0<\\\/span>Mik\\u00e4li haluat<span>\\u00a0<\\\/span><strong>akuuttiajan<\\\/strong><span>\\u00a0<\\\/span>vastaanottoaikojen ulkopuolelta tai viikonloppuna, joudun j\\u00e4rjestelyiden vuoksi ottamaan korkeamman hinnan<br \\\/>(hieronta 30min|64 \\u20ac, hieronta 45min|80 \\u20ac, 60min|98 \\u20ac, 90min|138 \\u20ac\\u00a0 ja 120min|154 \\u20ac ).<br \\\/><strong>HUOM!<\\\/strong><span>\\u00a0<\\\/span>Sarjakortit voimassa 3 kk ja Lahjakortit 6 kk ostop\\u00e4iv\\u00e4st\\u00e4 lukien.<br \\\/><span><strong>HUOM!<\\\/strong> Jos haluat hiljaisen hieronnan, niin huomaathan mainita siit\\u00e4 hoidon alussa.<\\\/span><\\\/p>\\n\n\n<p><\\\/p>\\n\n\n<p><\\\/p>\",\"icon\":\"\",\"link_text\":\"ajanvaraus\",\"title\":\"Yleist\\u00e4\"}},{\"type\":\"grid_item\",\"props\":{\"content\":\"\n\n<p>Olethan ajoissa\\\/t\\u00e4sm\\u00e4llisesti (n. 10-15 minuuttua ennen varattua aikaa) paikalla.<br \\\/>My\\u00f6h\\u00e4stynytt\\u00e4 asiakasta pyrin palvelemaan mahdollisimman hyvin, mutta en voi taata varatun palvelun toteutumista.<br \\\/>Varattu aika tulee peruuttaa puhelimitse viimeist\\u00e4\\u00e4n ajanvarausta edelt\\u00e4v\\u00e4n ty\\u00f6p\\u00e4iv\\u00e4n aikana. <br \\\/>Peruuttamattomista ajoista joudun veloittamaan t\\u00e4yden hinnan.<\\\/p>\\n\n\n<p><\\\/p>\\n\n\n<p>Asiakas ilmoittaa etu- ja sukunimens\\u00e4, puhelinnumeronsa sek\\u00e4 s\\u00e4hk\\u00f6postiosoitteensa tehdess\\u00e4\\u00e4n varausta. Muita tarvittavia tietoja t\\u00e4ydennet\\u00e4\\u00e4n paikan p\\u00e4\\u00e4ll\\u00e4.<br \\\/>Lihasvelho ei luovuta asiakkaan henkil\\u00f6tietoja ulkopuolisille tahoille ja asiakkaan henkil\\u00f6tiedot ovat vain Lihasvelhon asiakaskontaktointiin tarkoitettuja. <br \\\/>Lihasvelho kysyy aina erikseen luvan asiakkaan s\\u00e4hk\\u00f6postitietojen tallentamiseen markkinointia varten.<\\\/p>\\n\n\n<p>Mik\\u00e4li aika peruuntuu Lihasvelhon toimesta, soitamme asiakkaalle ja tarjoamme uutta aikaa.<\\\/p>\\n\n\n<p>Ajanvarausj\\u00e4rjestelm\\u00e4ss\\u00e4mme, kuten monissa muissakin tietoteknisiss\\u00e4 sovelluksissa, saattaa esiinty\\u00e4 k\\u00e4ytt\\u00f6katkoja tai toimintaongelmia.\\u00a0 Ilmoitathan, mik\\u00e4li havaitset j\\u00e4rjestelm\\u00e4ss\\u00e4mme puutteita.<\\\/p>\",\"title\":\"Vinkkej\\u00e4 ja yleisi\\u00e4 ehtoja\"}}]}]}]}]},{\"type\":\"section\",\"props\":{\"image_position\":\"center-center\",\"style\":\"default\",\"title_breakpoint\":\"xl\",\"title_position\":\"top-left\",\"title_rotation\":\"left\",\"vertical_align\":\"middle\",\"width\":\"default\"},\"children\":[{\"type\":\"row\",\"props\":{\"layout\":\"1-4,1-4,1-4,1-4|1-2,1-2,1-2,1-2\"},\"children\":[{\"type\":\"column\",\"props\":{\"image_position\":\"center-center\",\"position_sticky_breakpoint\":\"m\",\"width_medium\":\"1-4\",\"width_small\":\"1-2\"}},{\"type\":\"column\",\"props\":{\"image_position\":\"center-center\",\"position_sticky_breakpoint\":\"m\",\"width_medium\":\"1-4\",\"width_small\":\"1-2\"},\"children\":[{\"type\":\"text\",\"props\":{\"column_breakpoint\":\"m\",\"content\":\"\n\n<div uk-grid=\\\"\\\">\\n\n\n<div>\\n\n\n<div>\\n\n\n<p>Ajanvarauksen teet k\\u00e4tevimmin ajanvarauskalenterista.<\\\/p>\\n<\\\/div>\\n<\\\/div>\\n<\\\/div>\",\"margin\":\"default\"}}]},{\"type\":\"column\",\"props\":{\"image_position\":\"center-center\",\"position_sticky_breakpoint\":\"m\",\"width_medium\":\"1-4\",\"width_small\":\"1-2\"},\"children\":[{\"type\":\"button\",\"props\":{\"grid_column_gap\":\"small\",\"grid_row_gap\":\"small\",\"margin\":\"large\"},\"children\":[{\"type\":\"button_item\",\"props\":{\"button_style\":\"primary\",\"content\":\"AJANVARAUS\",\"icon\":\"arrow-right\",\"icon_align\":\"right\",\"link\":\"https:\\\/\\\/nettivaraus6.ajas.fi\\\/fi\\\/aee7d2226454\",\"link_target\":\"blank\"}}]}]},{\"type\":\"column\",\"props\":{\"image_position\":\"center-center\",\"position_sticky_breakpoint\":\"m\",\"width_medium\":\"1-4\",\"width_small\":\"1-2\"}}]}],\"name\":\"Ajanvaraus painike ja teksti\"},{\"type\":\"section\",\"props\":{\"image_position\":\"center-center\",\"padding_remove_top\":true,\"style\":\"default\",\"title_breakpoint\":\"xl\",\"title_position\":\"top-left\",\"title_rotation\":\"left\",\"vertical_align\":\"middle\",\"width\":\"default\"},\"children\":[{\"type\":\"row\",\"props\":{\"layout\":\"1-4,1-2,1-4\"},\"children\":[{\"type\":\"column\",\"props\":{\"image_position\":\"center-center\",\"position_sticky_breakpoint\":\"m\",\"width_medium\":\"1-4\"}},{\"type\":\"column\",\"props\":{\"image_position\":\"center-center\",\"position_sticky_breakpoint\":\"m\",\"width_medium\":\"1-2\"},\"children\":[{\"type\":\"text\",\"props\":{\"column_breakpoint\":\"m\",\"content\":\"\n\n<p>Jos jo tehty ajanvaraus pit\\u00e4\\u00e4 perua (HUOM! v\\u00e4hint\\u00e4\\u00e4n edellisen\\u00e4 p\\u00e4iv\\u00e4n\\u00e4).<br \\\/>Voit tehd\\u00e4 sen ajanvarauskalenterissa. Varausta tehdess\\u00e4si saat varauskohtaisen koodin, joka l\\u00e4hetet\\u00e4\\u00e4n my\\u00f6s s\\u00e4hk\\u00f6postiisi. K\\u00e4ytt\\u00e4m\\u00e4ll\\u00e4 koodia tai kirjautumalla omiin tietoihisi voit poistaa varauksen, saat poistetusta ajasta varmistustiedon s\\u00e4hk\\u00f6postiisi.<\\\/p>\",\"margin\":\"default\"}}]},{\"type\":\"column\",\"props\":{\"image_position\":\"center-center\",\"position_sticky_breakpoint\":\"m\",\"width_medium\":\"1-4\"}}]}],\"name\":\"Ajanvaraus poisto\"},{\"type\":\"section\",\"props\":{\"image_position\":\"center-center\",\"style\":\"default\",\"title_breakpoint\":\"xl\",\"title_position\":\"top-left\",\"title_rotation\":\"left\",\"vertical_align\":\"middle\",\"width\":\"\"},\"children\":[{\"type\":\"row\",\"children\":[{\"type\":\"column\",\"props\":{\"image_position\":\"center-center\",\"position_sticky_breakpoint\":\"m\"},\"children\":[{\"type\":\"map\",\"props\":{\"controls\":true,\"dragging\":true,\"height\":\"500\",\"image_svg_color\":\"emphasis\",\"link_style\":\"default\",\"link_text\":\"Read more\",\"margin\":\"default\",\"max_zoom\":18,\"meta_align\":\"below-title\",\"meta_element\":\"div\",\"meta_style\":\"text-meta\",\"min_zoom\":0,\"poi\":false,\"show_content\":true,\"show_image\":true,\"show_link\":true,\"show_meta\":true,\"show_title\":true,\"styler_lightness\":\"50\",\"styler_saturation\":-100,\"title_element\":\"h3\",\"title_hover_style\":\"reset\",\"type\":\"roadmap\",\"zoom\":\"14\",\"zooming\":false},\"children\":[{\"type\":\"map_item\",\"props\":{\"location\":\"60.4858,22.1594\"}}]}]}]}]}],\"version\":\"4.3.13\"} --><\/p>\n","protected":false},"excerpt":{"rendered":"<p>LihasvelhonAJANVARAUS Ajanvarauksen teet k\u00e4tevimmin ajanvarauskalenterista. Yleist\u00e4 Varaa aika aina ensisijaisesti Lihasvelhon ajanvarauskalenterista.\u00a0Nettivaraus on aina sitova.Ty\u00f6n luonteen vuoksi on hetki\u00e4, jolloin en voi vastata puhelimeen. Soitan kuitenkin aina takaisin mahdollisimman pian. Tullessasi hierontaan, sinun ei v\u00e4ltt\u00e4m\u00e4tt\u00e4 tarvitse tiet\u00e4\u00e4 haluatko klassista- vai urheiluhierontaa.Koulutettu hieroja osaa arvioida tilanteen. Eth\u00e4n tule hierontaan kuumeisena, vatsataudissa tai muussa tarttuvassa taudissa!Ole yst\u00e4v\u00e4llinen [&hellip;]<\/p>\n","protected":false},"author":1,"featured_media":0,"parent":0,"menu_order":0,"comment_status":"closed","ping_status":"closed","template":"","meta":{"footnotes":""},"class_list":["post-100","page","type-page","status-publish","hentry"],"yoast_head":"<!-- This site is optimized with the Yoast SEO plugin v27.5 - https:\/\/yoast.com\/product\/yoast-seo-wordpress\/ -->\n<title>Ajanvaraus - Lihasvelho<\/title>\n<meta name=\"robots\" content=\"index, follow, max-snippet:-1, max-image-preview:large, max-video-preview:-1\" \/>\n<link rel=\"canonical\" href=\"https:\/\/www.lihasvelho.fi\/?page_id=100\" \/>\n<meta property=\"og:locale\" content=\"en_US\" \/>\n<meta property=\"og:type\" content=\"article\" \/>\n<meta property=\"og:title\" content=\"Ajanvaraus - Lihasvelho\" \/>\n<meta property=\"og:description\" content=\"LihasvelhonAJANVARAUS Ajanvarauksen teet k\u00e4tevimmin ajanvarauskalenterista. Yleist\u00e4 Varaa aika aina ensisijaisesti Lihasvelhon ajanvarauskalenterista.\u00a0Nettivaraus on aina sitova.Ty\u00f6n luonteen vuoksi on hetki\u00e4, jolloin en voi vastata puhelimeen. Soitan kuitenkin aina takaisin mahdollisimman pian. Tullessasi hierontaan, sinun ei v\u00e4ltt\u00e4m\u00e4tt\u00e4 tarvitse tiet\u00e4\u00e4 haluatko klassista- vai urheiluhierontaa.Koulutettu hieroja osaa arvioida tilanteen. Eth\u00e4n tule hierontaan kuumeisena, vatsataudissa tai muussa tarttuvassa taudissa!Ole yst\u00e4v\u00e4llinen [&hellip;]\" \/>\n<meta property=\"og:url\" content=\"https:\/\/www.lihasvelho.fi\/?page_id=100\" \/>\n<meta property=\"og:site_name\" content=\"Lihasvelho\" \/>\n<meta property=\"article:modified_time\" content=\"2024-10-01T10:57:03+00:00\" \/>\n<meta name=\"twitter:card\" content=\"summary_large_image\" \/>\n<meta name=\"twitter:label1\" content=\"Est. reading time\" \/>\n\t<meta name=\"twitter:data1\" content=\"9 minutes\" \/>\n<script type=\"application\/ld+json\" class=\"yoast-schema-graph\">{\"@context\":\"https:\\\/\\\/schema.org\",\"@graph\":[{\"@type\":\"WebPage\",\"@id\":\"https:\\\/\\\/www.lihasvelho.fi\\\/?page_id=100\",\"url\":\"https:\\\/\\\/www.lihasvelho.fi\\\/?page_id=100\",\"name\":\"Ajanvaraus - Lihasvelho\",\"isPartOf\":{\"@id\":\"http:\\\/\\\/www.lihasvelho.fi\\\/#website\"},\"datePublished\":\"2024-05-11T08:05:27+00:00\",\"dateModified\":\"2024-10-01T10:57:03+00:00\",\"breadcrumb\":{\"@id\":\"https:\\\/\\\/www.lihasvelho.fi\\\/?page_id=100#breadcrumb\"},\"inLanguage\":\"en\",\"potentialAction\":[{\"@type\":\"ReadAction\",\"target\":[\"https:\\\/\\\/www.lihasvelho.fi\\\/?page_id=100\"]}]},{\"@type\":\"BreadcrumbList\",\"@id\":\"https:\\\/\\\/www.lihasvelho.fi\\\/?page_id=100#breadcrumb\",\"itemListElement\":[{\"@type\":\"ListItem\",\"position\":1,\"name\":\"Home\",\"item\":\"http:\\\/\\\/www.lihasvelho.fi\\\/\"},{\"@type\":\"ListItem\",\"position\":2,\"name\":\"Ajanvaraus\"}]},{\"@type\":\"WebSite\",\"@id\":\"http:\\\/\\\/www.lihasvelho.fi\\\/#website\",\"url\":\"http:\\\/\\\/www.lihasvelho.fi\\\/\",\"name\":\"Lihasvelho\",\"description\":\"Lihasvelho &ndash; urheiluhieroja Raisiossa\",\"potentialAction\":[{\"@type\":\"SearchAction\",\"target\":{\"@type\":\"EntryPoint\",\"urlTemplate\":\"http:\\\/\\\/www.lihasvelho.fi\\\/?s={search_term_string}\"},\"query-input\":{\"@type\":\"PropertyValueSpecification\",\"valueRequired\":true,\"valueName\":\"search_term_string\"}}],\"inLanguage\":\"en\"}]}<\/script>\n<!-- \/ Yoast SEO plugin. -->","yoast_head_json":{"title":"Ajanvaraus - Lihasvelho","robots":{"index":"index","follow":"follow","max-snippet":"max-snippet:-1","max-image-preview":"max-image-preview:large","max-video-preview":"max-video-preview:-1"},"canonical":"https:\/\/www.lihasvelho.fi\/?page_id=100","og_locale":"en_US","og_type":"article","og_title":"Ajanvaraus - Lihasvelho","og_description":"LihasvelhonAJANVARAUS Ajanvarauksen teet k\u00e4tevimmin ajanvarauskalenterista. Yleist\u00e4 Varaa aika aina ensisijaisesti Lihasvelhon ajanvarauskalenterista.\u00a0Nettivaraus on aina sitova.Ty\u00f6n luonteen vuoksi on hetki\u00e4, jolloin en voi vastata puhelimeen. Soitan kuitenkin aina takaisin mahdollisimman pian. Tullessasi hierontaan, sinun ei v\u00e4ltt\u00e4m\u00e4tt\u00e4 tarvitse tiet\u00e4\u00e4 haluatko klassista- vai urheiluhierontaa.Koulutettu hieroja osaa arvioida tilanteen. Eth\u00e4n tule hierontaan kuumeisena, vatsataudissa tai muussa tarttuvassa taudissa!Ole yst\u00e4v\u00e4llinen [&hellip;]","og_url":"https:\/\/www.lihasvelho.fi\/?page_id=100","og_site_name":"Lihasvelho","article_modified_time":"2024-10-01T10:57:03+00:00","twitter_card":"summary_large_image","twitter_misc":{"Est. reading time":"9 minutes"},"schema":{"@context":"https:\/\/schema.org","@graph":[{"@type":"WebPage","@id":"https:\/\/www.lihasvelho.fi\/?page_id=100","url":"https:\/\/www.lihasvelho.fi\/?page_id=100","name":"Ajanvaraus - Lihasvelho","isPartOf":{"@id":"http:\/\/www.lihasvelho.fi\/#website"},"datePublished":"2024-05-11T08:05:27+00:00","dateModified":"2024-10-01T10:57:03+00:00","breadcrumb":{"@id":"https:\/\/www.lihasvelho.fi\/?page_id=100#breadcrumb"},"inLanguage":"en","potentialAction":[{"@type":"ReadAction","target":["https:\/\/www.lihasvelho.fi\/?page_id=100"]}]},{"@type":"BreadcrumbList","@id":"https:\/\/www.lihasvelho.fi\/?page_id=100#breadcrumb","itemListElement":[{"@type":"ListItem","position":1,"name":"Home","item":"http:\/\/www.lihasvelho.fi\/"},{"@type":"ListItem","position":2,"name":"Ajanvaraus"}]},{"@type":"WebSite","@id":"http:\/\/www.lihasvelho.fi\/#website","url":"http:\/\/www.lihasvelho.fi\/","name":"Lihasvelho","description":"Lihasvelho &ndash; urheiluhieroja Raisiossa","potentialAction":[{"@type":"SearchAction","target":{"@type":"EntryPoint","urlTemplate":"http:\/\/www.lihasvelho.fi\/?s={search_term_string}"},"query-input":{"@type":"PropertyValueSpecification","valueRequired":true,"valueName":"search_term_string"}}],"inLanguage":"en"}]}},"_links":{"self":[{"href":"https:\/\/www.lihasvelho.fi\/index.php?rest_route=\/wp\/v2\/pages\/100","targetHints":{"allow":["GET"]}}],"collection":[{"href":"https:\/\/www.lihasvelho.fi\/index.php?rest_route=\/wp\/v2\/pages"}],"about":[{"href":"https:\/\/www.lihasvelho.fi\/index.php?rest_route=\/wp\/v2\/types\/page"}],"author":[{"embeddable":true,"href":"https:\/\/www.lihasvelho.fi\/index.php?rest_route=\/wp\/v2\/users\/1"}],"replies":[{"embeddable":true,"href":"https:\/\/www.lihasvelho.fi\/index.php?rest_route=%2Fwp%2Fv2%2Fcomments&post=100"}],"version-history":[{"count":83,"href":"https:\/\/www.lihasvelho.fi\/index.php?rest_route=\/wp\/v2\/pages\/100\/revisions"}],"predecessor-version":[{"id":514,"href":"https:\/\/www.lihasvelho.fi\/index.php?rest_route=\/wp\/v2\/pages\/100\/revisions\/514"}],"wp:attachment":[{"href":"https:\/\/www.lihasvelho.fi\/index.php?rest_route=%2Fwp%2Fv2%2Fmedia&parent=100"}],"curies":[{"name":"wp","href":"https:\/\/api.w.org\/{rel}","templated":true}]}}