{"id":94,"date":"2024-05-11T08:01:58","date_gmt":"2024-05-11T08:01:58","guid":{"rendered":"https:\/\/www.lihasvelho.fi\/?page_id=94"},"modified":"2026-01-20T12:36:04","modified_gmt":"2026-01-20T12:36:04","slug":"hinnasto","status":"publish","type":"page","link":"http:\/\/www.lihasvelho.fi\/?page_id=94","title":{"rendered":"HInnasto"},"content":{"rendered":"<ul>\n<li>\n<p>        <img decoding=\"async\" src=\"\/wp-content\/uploads\/2024\/05\/lihasvelho-5.jpg\" alt=\"\"><\/p>\n<\/li>\n<li>\n<p>        <img decoding=\"async\" src=\"\/wp-content\/uploads\/2024\/05\/lihasvelho-7.jpg\" alt=\"\"><\/p>\n<\/li>\n<li>\n<p>        <img decoding=\"async\" src=\"\/wp-content\/uploads\/2024\/05\/lihasvelho-4.jpg\" alt=\"\"><\/p>\n<\/li>\n<\/ul>\n<h1><span class=\"uk-text-primary\">Lihasvelhon<\/span><br \/>Hinnasto<\/h1>\n<div>K\u00e4teinen\/ Pankkikortti \/ Luottokortti \/ Mobile Pay<br \/>My\u00f6s Edenred, Smartum ja ePassi k\u00e4yv\u00e4t meill\u00e4 maksuv\u00e4linein\u00e4.<\/div>\n<div>\n<p>LAHJAKORTTI on kiva yll\u00e4tys yst\u00e4v\u00e4lle tai vaikka ihan itsellekin.<br \/>Lahjakortti hierontaan on my\u00f6s hyv\u00e4 lahjaidea niille, joilla tuntuu olevan jo kaikkea.\u00a0<br \/>HUOM! Sarjakortit voimassa 3 kk ja Lahjakortit 6 kk ostop\u00e4iv\u00e4st\u00e4 lukien.<\/p>\n<p>Varaa aika aina ensisijaisesti nettiajanvarauksesta.\u00a0<br \/>Ty\u00f6n luonteen vuoksi on hetki\u00e4, jolloin en voi vastata puhelimeen. Soitan kuitenkin aina takaisin mahdollisimman pian.<\/p>\n<p>HUOM! Mik\u00e4li haluat akuuttiajan aukioloaikojen ulkopuolelta tai sunnuntaina, joudun j\u00e4rjestelyiden vuoksi ottamaan korkeamman hinnan (hieronta 30min|64 \u20ac, hieronta 45min|80 \u20ac, 60min|98 \u20ac, 90min|138 \u20ac\u00a0 ja 120min|154 \u20ac ).<\/p>\n<p>Ole yst\u00e4v\u00e4llinen ja tee peruutus p\u00e4iv\u00e4\u00e4 aikaisemmin, jos et p\u00e4\u00e4sek\u00e4\u00e4n tulemaan varaamaasi hierontaan.<br \/>Joudun veloittamaan peruuttamatta j\u00e4\u00e4neest\u00e4 ajasta t\u00e4yden hinnan.<\/p>\n<\/div>\n<hr>\n<table>\n<tbody>\n<tr>\n<td>Hieronta<\/td>\n<td>\n<p>30min | 45 \u20ac\u00a0 \u2022 \u00a045min | 55 \u20ac\u00a0 \u2022 \u00a060min | 65 \u20ac\u00a0 \u2022 \u00a090min | 95 \u20ac\u00a0 \u2022 \u00a0120min | 110 \u20ac<\/p>\n<\/td>\n<\/tr>\n<tr>\n<td>Hieronnan yhteydess\u00e4<\/td>\n<td>\n<p><span>kuivaneulaus | +15 \u20ac\u00a0 \u2022 \u00a0<\/span><span>faskiak\u00e4sittely | +15 \u20ac\u00a0 \u2022 \u00a0<\/span><span>imukuppik\u00e4sittely | +15 \u20ac<\/span><\/p>\n<\/td>\n<\/tr>\n<tr>\n<td>Hieronnan sarjakortit<\/td>\n<td>\n<p><span>5 x 30min | 200 \u20ac<\/span><br \/><span>5 x 45min | 250 \u20ac<\/span><br \/><span>5 x 60min | 305 \u20ac<\/span><br \/><span>5 x 90min | 420 \u20ac<\/span><\/p>\n<p><strong>HUOM!<\/strong><span>\u00a0Sarjakortit voimassa 3 kk ja Lahjakortit 6 kk ostop\u00e4iv\u00e4st\u00e4 lukien.<\/span><\/p>\n<\/td>\n<\/tr>\n<tr>\n<td>KUIVANEULAUS|DRY NEEDLING\/<br \/>FASKIAK\u00c4SITTELY\/<br \/>IMUKUPPIK\u00c4SITTELY<\/td>\n<td>\n<p><span>30min | 35 \u20ac<\/span><\/p>\n<\/td>\n<\/tr>\n<tr>\n<td>Lahjakortti<\/td>\n<td>\n<p><span>65 \u20ac esim. tunnin klassinen- tai urheiluhieronta.<\/span><\/p>\n<\/td>\n<\/tr>\n<\/tbody>\n<\/table>\n<div>\n<div uk-grid=\"\">\n<div>\n<div>\n<p>Ajanvarauksen teet k\u00e4tevimmin ajanvarauskalenterista.<\/p>\n<\/div>\n<\/div>\n<\/div>\n<\/div>\n<p><p>\n        <a href=\"https:\/\/nettivaraus6.ajas.fi\/fi\/aee7d2226454\">AJANVARAUS<\/a>\n    <\/p>\n<\/p>\n<p><img decoding=\"async\" src=\"\/wp-content\/uploads\/2024\/05\/ilahduta-lahjakortilla.jpg\" alt=\"\"><\/p>\n<h2>\n<p>Ilahduta lahjakortilla<\/p>\n<\/h2>\n<div>\n<p><span>LAHJAKORTTI on kiva yll\u00e4tys yst\u00e4v\u00e4lle tai vaikka ihan itsellekin. <\/span><span>Lahjakortti hierontaan on my\u00f6s hyv\u00e4 lahjaidea niille, joilla tuntuu olevan jo kaikkea.\u00a0<\/span><\/p>\n<p>Voit ostaa lahjakortin n\u00e4pp\u00e4r\u00e4sti vastaanottoaikasi yhteydess\u00e4 tai vaikka hakemalla sen paikan p\u00e4\u00e4lt\u00e4.<\/p>\n<p><span>HUOM! Sarjakortit voimassa 3 kk ja Lahjakortit 6 kk ostop\u00e4iv\u00e4st\u00e4 lukien.<\/span><\/p>\n<\/div>\n<p><!--more--><br \/>\n<!-- {\"type\":\"layout\",\"children\":[{\"name\":\"Hero kolme kuvaa\",\"type\":\"section\",\"props\":{\"animation_delay\":false,\"image_position\":\"center-center\",\"padding_bottom\":\"none\",\"padding_top\":\"none\",\"style\":\"default\",\"title_breakpoint\":\"xl\",\"title_position\":\"top-left\",\"title_rotation\":\"left\",\"vertical_align\":\"\",\"width\":\"\"},\"children\":[{\"type\":\"row\",\"children\":[{\"type\":\"column\",\"props\":{\"image_position\":\"center-center\",\"position_sticky_breakpoint\":\"m\",\"width_medium\":\"1-1\"},\"children\":[{\"type\":\"overlay-slider\",\"props\":{\"link_style\":\"default\",\"link_text\":\"Read more\",\"margin_bottom\":\"default\",\"margin_top\":\"default\",\"meta_align\":\"below-title\",\"meta_element\":\"div\",\"meta_style\":\"text-meta\",\"nav\":\"dotnav\",\"nav_align\":\"center\",\"nav_below\":true,\"nav_breakpoint\":\"s\",\"nav_position\":\"bottom-center\",\"nav_position_margin\":\"medium\",\"overlay_mode\":\"cover\",\"overlay_position\":\"center\",\"overlay_transition\":\"fade\",\"show_content\":true,\"show_hover_image\":true,\"show_hover_video\":true,\"show_link\":false,\"show_meta\":true,\"show_title\":true,\"slidenav\":\"default\",\"slidenav_breakpoint\":\"s\",\"slidenav_margin\":\"medium\",\"slidenav_outside_breakpoint\":\"xl\",\"slider_autoplay_pause\":true,\"slider_gap\":\"default\",\"slider_width\":\"fixed\",\"slider_width_default\":\"1-1\",\"slider_width_medium\":\"1-3\",\"text_align\":\"center\",\"title_element\":\"h3\",\"title_hover_style\":\"reset\"},\"children\":[{\"type\":\"overlay-slider_item\",\"props\":{\"image\":\"wp-content\/uploads\/2024\/05\/lihasvelho-5.jpg\"}},{\"type\":\"overlay-slider_item\",\"props\":{\"image\":\"wp-content\/uploads\/2024\/05\/lihasvelho-7.jpg\"}},{\"type\":\"overlay-slider_item\",\"props\":{\"image\":\"wp-content\/uploads\/2024\/05\/lihasvelho-4.jpg\"}}]}]}]}]},{\"name\":\"Hero vain tekstill\u00e4\",\"type\":\"section\",\"props\":{\"image_position\":\"center-center\",\"padding_bottom\":\"none\",\"padding_top\":\"large\",\"style\":\"default\",\"title_breakpoint\":\"xl\",\"title_position\":\"top-left\",\"title_rotation\":\"left\",\"vertical_align\":\"\",\"width\":\"small\"},\"children\":[{\"type\":\"row\",\"children\":[{\"type\":\"column\",\"props\":{\"image_position\":\"center-center\",\"position_sticky_breakpoint\":\"m\",\"width_medium\":\"1-1\"},\"children\":[{\"type\":\"headline\",\"props\":{\"content\":\"<span class=\\\"uk-text-primary\\\">Lihasvelhon<\/span><br \/>Hinnasto\",\"image_align\":\"left\",\"image_margin\":\"xsmall\",\"margin_bottom\":\"remove\",\"text_align_fallback\":\"center\",\"title_element\":\"h1\",\"title_style\":\"heading-medium\"}},{\"type\":\"headline\",\"props\":{\"content\":\"K\u00e4teinen\/ Pankkikortti \/ Luottokortti \/ Mobile Pay<br \/>My\u00f6s Edenred, Smartum ja ePassi k\u00e4yv\u00e4t meill\u00e4 maksuv\u00e4linein\u00e4.\",\"image_align\":\"left\",\"image_margin\":\"xsmall\",\"margin_bottom\":\"small\",\"margin_top\":\"small\",\"text_align_breakpoint\":\"m\",\"text_align_fallback\":\"center\",\"title_color\":\"muted\",\"title_decoration\":\"bullet\",\"title_element\":\"div\",\"title_style\":\"h4\"}}]}]}]},{\"name\":\"Hinnasto\",\"type\":\"section\",\"props\":{\"id\":\"wellness-pricing\",\"image_position\":\"center-center\",\"style\":\"default\",\"title_breakpoint\":\"xl\",\"title_position\":\"top-left\",\"title_rotation\":\"left\",\"vertical_align\":\"\",\"width\":\"small\"},\"children\":[{\"type\":\"row\",\"children\":[{\"type\":\"column\",\"props\":{\"image_position\":\"center-center\",\"position_sticky_breakpoint\":\"m\",\"width_medium\":\"1-1\"},\"children\":[{\"type\":\"headline\",\"props\":{\"content\":\"Wellness Services\",\"image_align\":\"left\",\"image_margin\":\"xsmall\",\"maxwidth\":\"medium\",\"status\":\"disabled\",\"title_element\":\"h2\",\"title_style\":\"heading-small\"}},{\"type\":\"text\",\"props\":{\"column_breakpoint\":\"m\",\"content\":\"\n\n<p>LAHJAKORTTI on kiva yll\u00e4tys yst\u00e4v\u00e4lle tai vaikka ihan itsellekin.<br \/>Lahjakortti hierontaan on my\u00f6s hyv\u00e4 lahjaidea niille, joilla tuntuu olevan jo kaikkea.\u00a0<br \/>HUOM! Sarjakortit voimassa 3 kk ja Lahjakortit 6 kk ostop\u00e4iv\u00e4st\u00e4 lukien.<\/p>\n\n\\n\n\n<p>Varaa aika aina ensisijaisesti nettiajanvarauksesta.\u00a0<br \/>Ty\u00f6n luonteen vuoksi on hetki\u00e4, jolloin en voi vastata puhelimeen. Soitan kuitenkin aina takaisin mahdollisimman pian.<\/p>\n\n\\n\n\n<p>HUOM! Mik\u00e4li haluat akuuttiajan aukioloaikojen ulkopuolelta tai sunnuntaina, joudun j\u00e4rjestelyiden vuoksi ottamaan korkeamman hinnan (hieronta 30min|64 \u20ac, hieronta 45min|80 \u20ac, 60min|98 \u20ac, 90min|138 \u20ac\u00a0 ja 120min|154 \u20ac ).<\/p>\n\n\\n\n\n<p>Ole yst\u00e4v\u00e4llinen ja tee peruutus p\u00e4iv\u00e4\u00e4 aikaisemmin, jos et p\u00e4\u00e4sek\u00e4\u00e4n tulemaan varaamaasi hierontaan.<br \/>Joudun veloittamaan peruuttamatta j\u00e4\u00e4neest\u00e4 ajasta t\u00e4yden hinnan.<\/p>\n\n\",\"margin_bottom\":\"default\",\"margin_top\":\"default\"}},{\"type\":\"divider\",\"props\":{\"divider_element\":\"hr\",\"divider_style\":\"icon\"}},{\"type\":\"table\",\"props\":{\"image_svg_color\":\"emphasis\",\"link_style\":\"default\",\"link_text\":\"Read more\",\"margin_bottom\":\"remove\",\"margin_top\":\"xlarge\",\"meta_color\":\"primary\",\"meta_style\":\"h5\",\"show_content\":true,\"show_image\":true,\"show_link\":true,\"show_meta\":true,\"show_title\":true,\"table_justify\":true,\"table_order\":\"3\",\"table_responsive\":\"responsive\",\"table_size\":\"large\",\"table_style\":\"divider\",\"table_vertical_align\":false,\"table_width_meta\":\"shrink\",\"table_width_title\":\"medium\",\"title_style\":\"h4\"},\"children\":[{\"type\":\"table_item\",\"props\":{\"content\":\"\n\n<p>30min | 45 \u20ac\u00a0 \u2022 \u00a045min | 55 \u20ac\u00a0 \u2022 \u00a060min | 65 \u20ac\u00a0 \u2022 \u00a090min | 95 \u20ac\u00a0 \u2022 \u00a0120min | 110 \u20ac<\/p>\n\n\",\"meta\":\"\",\"title\":\"Hieronta\"}},{\"type\":\"table_item\",\"props\":{\"content\":\"\n\n<p><span>kuivaneulaus | +15 \u20ac\u00a0 \u2022 \u00a0<\/span><span>faskiak\u00e4sittely | +15 \u20ac\u00a0 \u2022 \u00a0<\/span><span>imukuppik\u00e4sittely | +15 \u20ac<\/span><\/p>\n\n\",\"meta\":\"\",\"title\":\"Hieronnan yhteydess\u00e4\"}},{\"type\":\"table_item\",\"props\":{\"content\":\"\n\n<p><span>5 x 30min | 200 \u20ac<\/span><br \/><span>5 x 45min | 250 \u20ac<\/span><br \/><span>5 x 60min | 305 \u20ac<\/span><br \/><span>5 x 90min | 420 \u20ac<\/span><\/p>\n\n\\n\n\n<p><strong>HUOM!<\/strong><span>\u00a0Sarjakortit voimassa 3 kk ja Lahjakortit 6 kk ostop\u00e4iv\u00e4st\u00e4 lukien.<\/span><\/p>\n\n\",\"meta\":\"\",\"title\":\"Hieronnan sarjakortit\"}},{\"type\":\"table_item\",\"props\":{\"content\":\"\n\n<p><span>30min | 35 \u20ac<\/span><\/p>\n\n\",\"meta\":\"\",\"title\":\"KUIVANEULAUS|DRY NEEDLING\/<br \/>FASKIAK\u00c4SITTELY\/<br \/>IMUKUPPIK\u00c4SITTELY\"}},{\"type\":\"table_item\",\"props\":{\"content\":\"\n\n<p><span>60min | 85 \u20ac\u00a0 \u2022 \u00a0<\/span><span>90min | 115 \u20ac<\/span><\/p>\n\n\",\"meta\":\"\",\"status\":\"disabled\",\"title\":\"KUUMAKIVIHIERONTA\"}},{\"type\":\"table_item\",\"props\":{\"content\":\"\n\n<p><span>60min | 85 \u20ac\u00a0 \u2022 \u00a0<\/span><span>90min | 115 \u20ac<\/span><\/p>\n\n\",\"meta\":\"\",\"status\":\"disabled\",\"title\":\"Yrttinyyttihieronta\"}},{\"type\":\"table_item\",\"props\":{\"content\":\"\n\n<p>45min | 45 \u20ac<\/p>\n\n\",\"status\":\"disabled\",\"title\":\"Intialainen p\u00e4\u00e4hieronta\"}},{\"type\":\"table_item\",\"props\":{\"content\":\"\n\n<p><span>65 \u20ac esim. tunnin klassinen- tai urheiluhieronta.<\/span>\n\n<\/p>\n\n\",\"title\":\"Lahjakortti\"}}]}]}]}]},{\"type\":\"section\",\"props\":{\"image_position\":\"center-center\",\"style\":\"default\",\"title_breakpoint\":\"xl\",\"title_position\":\"top-left\",\"title_rotation\":\"left\",\"vertical_align\":\"\",\"width\":\"default\"},\"children\":[{\"type\":\"row\",\"props\":{\"layout\":\"1-4,1-4,1-4,1-4|1-2,1-2,1-2,1-2\"},\"children\":[{\"type\":\"column\",\"props\":{\"image_position\":\"center-center\",\"position_sticky_breakpoint\":\"m\",\"width_medium\":\"1-4\",\"width_small\":\"1-2\"}},{\"type\":\"column\",\"props\":{\"image_position\":\"center-center\",\"position_sticky_breakpoint\":\"m\",\"width_medium\":\"1-4\",\"width_small\":\"1-2\"},\"children\":[{\"type\":\"text\",\"props\":{\"column_breakpoint\":\"m\",\"content\":\"\n\n<div uk-grid=\\\"\\\">\\n\n\n<div>\\n\n\n<div>\\n\n\n<p>Ajanvarauksen teet k\u00e4tevimmin ajanvarauskalenterista.<\/p>\n\n\\n<\/div>\n\n\\n<\/div>\n\n\\n<\/div>\n\n\",\"margin_bottom\":\"default\",\"margin_top\":\"default\"}}]},{\"type\":\"column\",\"props\":{\"image_position\":\"center-center\",\"position_sticky_breakpoint\":\"m\",\"width_medium\":\"1-4\",\"width_small\":\"1-2\"},\"children\":[{\"type\":\"button\",\"props\":{\"grid_column_gap\":\"small\",\"grid_row_gap\":\"small\",\"margin_bottom\":\"large\",\"margin_top\":\"large\"},\"children\":[{\"type\":\"button_item\",\"props\":{\"button_style\":\"primary\",\"content\":\"AJANVARAUS\",\"dialog_layout\":\"modal\",\"dialog_offcanvas_flip\":true,\"icon\":\"arrow-right\",\"icon_align\":\"right\",\"link\":\"https:\/\/nettivaraus6.ajas.fi\/fi\/aee7d2226454\",\"link_target\":true}}]}]},{\"type\":\"column\",\"props\":{\"image_position\":\"center-center\",\"position_sticky_breakpoint\":\"m\",\"width_medium\":\"1-4\",\"width_small\":\"1-2\"}}]}]},{\"name\":\"Ilahduta lahjakortilla\",\"type\":\"section\",\"props\":{\"image_position\":\"center-center\",\"style\":\"default\",\"title_breakpoint\":\"xl\",\"title_position\":\"top-left\",\"title_rotation\":\"left\",\"vertical_align\":\"\",\"width\":\"xlarge\"},\"children\":[{\"type\":\"row\",\"props\":{\"column_gap\":\"large\",\"layout\":\"2-3,1-3\",\"row_gap\":\"large\",\"width\":\"expand\"},\"children\":[{\"type\":\"column\",\"props\":{\"image_position\":\"center-center\",\"position_sticky_breakpoint\":\"m\",\"vertical_align\":\"middle\",\"width_medium\":\"2-3\"},\"children\":[{\"type\":\"image\",\"props\":{\"image\":\"wp-content\/uploads\/2024\/05\/ilahduta-lahjakortilla.jpg\",\"image_svg_color\":\"emphasis\",\"image_width\":\"1130\",\"margin_bottom\":\"default\",\"margin_top\":\"default\"}}]},{\"type\":\"column\",\"props\":{\"image_position\":\"center-center\",\"position_sticky_breakpoint\":\"m\",\"vertical_align\":\"middle\",\"width_medium\":\"1-3\"},\"children\":[{\"type\":\"headline\",\"props\":{\"content\":\"\n\n<p>Ilahduta lahjakortilla<\/p>\n\n\",\"image_align\":\"left\",\"image_margin\":\"xsmall\",\"title_element\":\"h2\",\"title_style\":\"heading-small\"}},{\"type\":\"text\",\"props\":{\"column_breakpoint\":\"m\",\"content\":\"\n\n<p><span>LAHJAKORTTI on kiva yll\u00e4tys yst\u00e4v\u00e4lle tai vaikka ihan itsellekin. <\/span><span>Lahjakortti hierontaan on my\u00f6s hyv\u00e4 lahjaidea niille, joilla tuntuu olevan jo kaikkea.\u00a0<\/span><\/p>\n\n\\n\n\n<p>Voit ostaa lahjakortin n\u00e4pp\u00e4r\u00e4sti vastaanottoaikasi yhteydess\u00e4 tai vaikka hakemalla sen paikan p\u00e4\u00e4lt\u00e4.<\/p>\n\n\\n\n\n<p><span>HUOM! Sarjakortit voimassa 3 kk ja Lahjakortit 6 kk ostop\u00e4iv\u00e4st\u00e4 lukien.<\/span><\/p>\n\n\",\"margin_bottom\":\"medium\",\"margin_top\":\"medium\",\"maxwidth\":\"large\"}}]}]}]}],\"version\":\"5.0.5\"} --><\/p>\n","protected":false},"excerpt":{"rendered":"<p>LihasvelhonHinnasto K\u00e4teinen\/ Pankkikortti \/ Luottokortti \/ Mobile PayMy\u00f6s Edenred, Smartum ja ePassi k\u00e4yv\u00e4t meill\u00e4 maksuv\u00e4linein\u00e4. LAHJAKORTTI on kiva yll\u00e4tys yst\u00e4v\u00e4lle tai vaikka ihan itsellekin.Lahjakortti hierontaan on my\u00f6s hyv\u00e4 lahjaidea niille, joilla tuntuu olevan jo kaikkea.\u00a0HUOM! Sarjakortit voimassa 3 kk ja Lahjakortit 6 kk ostop\u00e4iv\u00e4st\u00e4 lukien. Varaa aika aina ensisijaisesti nettiajanvarauksesta.\u00a0Ty\u00f6n luonteen vuoksi on hetki\u00e4, jolloin [&hellip;]<\/p>\n","protected":false},"author":1,"featured_media":0,"parent":0,"menu_order":0,"comment_status":"closed","ping_status":"closed","template":"","meta":{"footnotes":""},"class_list":["post-94","page","type-page","status-publish","hentry"],"yoast_head":"<!-- This site is optimized with the Yoast SEO plugin v27.5 - https:\/\/yoast.com\/product\/yoast-seo-wordpress\/ -->\n<title>HInnasto - Lihasvelho<\/title>\n<meta name=\"robots\" content=\"index, follow, max-snippet:-1, max-image-preview:large, max-video-preview:-1\" \/>\n<link rel=\"canonical\" href=\"http:\/\/www.lihasvelho.fi\/?page_id=94\" \/>\n<meta property=\"og:locale\" content=\"en_US\" \/>\n<meta property=\"og:type\" content=\"article\" \/>\n<meta property=\"og:title\" content=\"HInnasto - Lihasvelho\" \/>\n<meta property=\"og:description\" content=\"LihasvelhonHinnasto K\u00e4teinen\/ Pankkikortti \/ Luottokortti \/ Mobile PayMy\u00f6s Edenred, Smartum ja ePassi k\u00e4yv\u00e4t meill\u00e4 maksuv\u00e4linein\u00e4. LAHJAKORTTI on kiva yll\u00e4tys yst\u00e4v\u00e4lle tai vaikka ihan itsellekin.Lahjakortti hierontaan on my\u00f6s hyv\u00e4 lahjaidea niille, joilla tuntuu olevan jo kaikkea.\u00a0HUOM! Sarjakortit voimassa 3 kk ja Lahjakortit 6 kk ostop\u00e4iv\u00e4st\u00e4 lukien. Varaa aika aina ensisijaisesti nettiajanvarauksesta.\u00a0Ty\u00f6n luonteen vuoksi on hetki\u00e4, jolloin [&hellip;]\" \/>\n<meta property=\"og:url\" content=\"http:\/\/www.lihasvelho.fi\/?page_id=94\" \/>\n<meta property=\"og:site_name\" content=\"Lihasvelho\" \/>\n<meta property=\"article:modified_time\" content=\"2026-01-20T12:36:04+00:00\" \/>\n<meta name=\"twitter:card\" content=\"summary_large_image\" \/>\n<meta name=\"twitter:label1\" content=\"Est. reading time\" \/>\n\t<meta name=\"twitter:data1\" content=\"2 minutes\" \/>\n<script type=\"application\/ld+json\" class=\"yoast-schema-graph\">{\"@context\":\"https:\\\/\\\/schema.org\",\"@graph\":[{\"@type\":\"WebPage\",\"@id\":\"http:\\\/\\\/www.lihasvelho.fi\\\/?page_id=94\",\"url\":\"http:\\\/\\\/www.lihasvelho.fi\\\/?page_id=94\",\"name\":\"HInnasto - Lihasvelho\",\"isPartOf\":{\"@id\":\"https:\\\/\\\/www.lihasvelho.fi\\\/#website\"},\"datePublished\":\"2024-05-11T08:01:58+00:00\",\"dateModified\":\"2026-01-20T12:36:04+00:00\",\"breadcrumb\":{\"@id\":\"http:\\\/\\\/www.lihasvelho.fi\\\/?page_id=94#breadcrumb\"},\"inLanguage\":\"en\",\"potentialAction\":[{\"@type\":\"ReadAction\",\"target\":[\"http:\\\/\\\/www.lihasvelho.fi\\\/?page_id=94\"]}]},{\"@type\":\"BreadcrumbList\",\"@id\":\"http:\\\/\\\/www.lihasvelho.fi\\\/?page_id=94#breadcrumb\",\"itemListElement\":[{\"@type\":\"ListItem\",\"position\":1,\"name\":\"Home\",\"item\":\"https:\\\/\\\/www.lihasvelho.fi\\\/\"},{\"@type\":\"ListItem\",\"position\":2,\"name\":\"HInnasto\"}]},{\"@type\":\"WebSite\",\"@id\":\"https:\\\/\\\/www.lihasvelho.fi\\\/#website\",\"url\":\"https:\\\/\\\/www.lihasvelho.fi\\\/\",\"name\":\"Lihasvelho\",\"description\":\"Lihasvelho &ndash; urheiluhieroja Raisiossa\",\"potentialAction\":[{\"@type\":\"SearchAction\",\"target\":{\"@type\":\"EntryPoint\",\"urlTemplate\":\"https:\\\/\\\/www.lihasvelho.fi\\\/?s={search_term_string}\"},\"query-input\":{\"@type\":\"PropertyValueSpecification\",\"valueRequired\":true,\"valueName\":\"search_term_string\"}}],\"inLanguage\":\"en\"}]}<\/script>\n<!-- \/ Yoast SEO plugin. -->","yoast_head_json":{"title":"HInnasto - Lihasvelho","robots":{"index":"index","follow":"follow","max-snippet":"max-snippet:-1","max-image-preview":"max-image-preview:large","max-video-preview":"max-video-preview:-1"},"canonical":"http:\/\/www.lihasvelho.fi\/?page_id=94","og_locale":"en_US","og_type":"article","og_title":"HInnasto - Lihasvelho","og_description":"LihasvelhonHinnasto K\u00e4teinen\/ Pankkikortti \/ Luottokortti \/ Mobile PayMy\u00f6s Edenred, Smartum ja ePassi k\u00e4yv\u00e4t meill\u00e4 maksuv\u00e4linein\u00e4. LAHJAKORTTI on kiva yll\u00e4tys yst\u00e4v\u00e4lle tai vaikka ihan itsellekin.Lahjakortti hierontaan on my\u00f6s hyv\u00e4 lahjaidea niille, joilla tuntuu olevan jo kaikkea.\u00a0HUOM! Sarjakortit voimassa 3 kk ja Lahjakortit 6 kk ostop\u00e4iv\u00e4st\u00e4 lukien. Varaa aika aina ensisijaisesti nettiajanvarauksesta.\u00a0Ty\u00f6n luonteen vuoksi on hetki\u00e4, jolloin [&hellip;]","og_url":"http:\/\/www.lihasvelho.fi\/?page_id=94","og_site_name":"Lihasvelho","article_modified_time":"2026-01-20T12:36:04+00:00","twitter_card":"summary_large_image","twitter_misc":{"Est. reading time":"2 minutes"},"schema":{"@context":"https:\/\/schema.org","@graph":[{"@type":"WebPage","@id":"http:\/\/www.lihasvelho.fi\/?page_id=94","url":"http:\/\/www.lihasvelho.fi\/?page_id=94","name":"HInnasto - Lihasvelho","isPartOf":{"@id":"https:\/\/www.lihasvelho.fi\/#website"},"datePublished":"2024-05-11T08:01:58+00:00","dateModified":"2026-01-20T12:36:04+00:00","breadcrumb":{"@id":"http:\/\/www.lihasvelho.fi\/?page_id=94#breadcrumb"},"inLanguage":"en","potentialAction":[{"@type":"ReadAction","target":["http:\/\/www.lihasvelho.fi\/?page_id=94"]}]},{"@type":"BreadcrumbList","@id":"http:\/\/www.lihasvelho.fi\/?page_id=94#breadcrumb","itemListElement":[{"@type":"ListItem","position":1,"name":"Home","item":"https:\/\/www.lihasvelho.fi\/"},{"@type":"ListItem","position":2,"name":"HInnasto"}]},{"@type":"WebSite","@id":"https:\/\/www.lihasvelho.fi\/#website","url":"https:\/\/www.lihasvelho.fi\/","name":"Lihasvelho","description":"Lihasvelho &ndash; urheiluhieroja Raisiossa","potentialAction":[{"@type":"SearchAction","target":{"@type":"EntryPoint","urlTemplate":"https:\/\/www.lihasvelho.fi\/?s={search_term_string}"},"query-input":{"@type":"PropertyValueSpecification","valueRequired":true,"valueName":"search_term_string"}}],"inLanguage":"en"}]}},"_links":{"self":[{"href":"http:\/\/www.lihasvelho.fi\/index.php?rest_route=\/wp\/v2\/pages\/94","targetHints":{"allow":["GET"]}}],"collection":[{"href":"http:\/\/www.lihasvelho.fi\/index.php?rest_route=\/wp\/v2\/pages"}],"about":[{"href":"http:\/\/www.lihasvelho.fi\/index.php?rest_route=\/wp\/v2\/types\/page"}],"author":[{"embeddable":true,"href":"http:\/\/www.lihasvelho.fi\/index.php?rest_route=\/wp\/v2\/users\/1"}],"replies":[{"embeddable":true,"href":"http:\/\/www.lihasvelho.fi\/index.php?rest_route=%2Fwp%2Fv2%2Fcomments&post=94"}],"version-history":[{"count":60,"href":"http:\/\/www.lihasvelho.fi\/index.php?rest_route=\/wp\/v2\/pages\/94\/revisions"}],"predecessor-version":[{"id":541,"href":"http:\/\/www.lihasvelho.fi\/index.php?rest_route=\/wp\/v2\/pages\/94\/revisions\/541"}],"wp:attachment":[{"href":"http:\/\/www.lihasvelho.fi\/index.php?rest_route=%2Fwp%2Fv2%2Fmedia&parent=94"}],"curies":[{"name":"wp","href":"https:\/\/api.w.org\/{rel}","templated":true}]}}